{"id":29,"date":"2024-03-17T09:53:02","date_gmt":"2024-03-17T12:53:02","guid":{"rendered":"http:\/\/mbclaw.com.br\/?page_id=29"},"modified":"2024-05-14T09:54:44","modified_gmt":"2024-05-14T12:54:44","slug":"publicacoes","status":"publish","type":"page","link":"https:\/\/mbclaw.com.br\/en\/publicacoes\/","title":{"rendered":"Publications"},"content":{"rendered":"","protected":false},"excerpt":{"rendered":"<p class=\"qtranxs-available-languages-message qtranxs-available-languages-message-en\">Sorry, this entry is only available in <a href=\"https:\/\/mbclaw.com.br\/pb\/wp-json\/wp\/v2\/pages\/29\" class=\"qtranxs-available-language-link qtranxs-available-language-link-pb\" title=\"pt\">pt<\/a>.<\/p>\n","protected":false},"author":1,"featured_media":137,"parent":0,"menu_order":0,"comment_status":"closed","ping_status":"closed","template":"page-publicacoes.php","meta":{"_acf_changed":false,"footnotes":""},"class_list":["post-29","page","type-page","status-publish","has-post-thumbnail","hentry"],"acf":[],"yoast_head":"<!-- This site is optimized with the Yoast SEO plugin v22.6 - https:\/\/yoast.com\/wordpress\/plugins\/seo\/ -->\n<title>Publications - MBC Advogados | Marchini Botelho Caselta Della ValleMBC Advogados | Marchini Botelho Caselta Della ValleMarchini Botelho Caselta Della Valle Advogados<\/title>\n<meta name=\"description\" content=\"Conhe\u00e7a nossas publica\u00e7\u00f5es.\" \/>\n<meta name=\"robots\" content=\"index, follow, max-snippet:-1, max-image-preview:large, max-video-preview:-1\" \/>\n<link rel=\"canonical\" href=\"https:\/\/mbclaw.com.br\/publicacoes\/\" \/>\n<meta property=\"og:locale\" content=\"en_US\" \/>\n<meta property=\"og:type\" content=\"article\" \/>\n<meta property=\"og:title\" content=\"Publications - MBC Advogados | Marchini Botelho Caselta Della ValleMBC Advogados | Marchini Botelho Caselta Della ValleMarchini Botelho Caselta Della Valle Advogados\" \/>\n<meta property=\"og:description\" content=\"Conhe\u00e7a nossas publica\u00e7\u00f5es.\" \/>\n<meta property=\"og:url\" content=\"https:\/\/mbclaw.com.br\/publicacoes\/\" \/>\n<meta property=\"og:site_name\" content=\"[:pb]MBC Advogados | Marchini Botelho Caselta Della Valle[:en]MBC Advogados | Marchini Botelho Caselta Della ValleMBC Advogados | Marchini Botelho Caselta Della ValleMarchini Botelho Caselta Della Valle Advogados[:]\" \/>\n<meta property=\"article:modified_time\" content=\"2024-05-14T12:54:44+00:00\" \/>\n<meta property=\"og:image\" content=\"https:\/\/mbclaw.com.br\/wp-content\/uploads\/2024\/03\/imagens-23.jpg\" \/>\n\t<meta property=\"og:image:width\" content=\"1920\" \/>\n\t<meta property=\"og:image:height\" content=\"170\" \/>\n\t<meta property=\"og:image:type\" content=\"image\/jpeg\" \/>\n<meta name=\"twitter:card\" content=\"summary_large_image\" \/>\n<meta name=\"twitter:label1\" content=\"Est. reading time\" \/>\n\t<meta name=\"twitter:data1\" content=\"1 minute\" \/>\n<script type=\"application\/ld+json\" class=\"yoast-schema-graph\">{\"@context\":\"https:\/\/schema.org\",\"@graph\":[{\"@type\":\"WebPage\",\"@id\":\"https:\/\/mbclaw.com.br\/publicacoes\/\",\"url\":\"https:\/\/mbclaw.com.br\/publicacoes\/\",\"name\":\"[:pb]Publica\u00e7\u00f5es[:en]Publications[:] - [:pb]MBC Advogados | Marchini Botelho Caselta Della Valle[:en]MBC Advogados | Marchini Botelho Caselta Della ValleMBC Advogados | Marchini Botelho Caselta Della ValleMarchini Botelho Caselta Della Valle Advogados[:]\",\"isPartOf\":{\"@id\":\"https:\/\/mbclaw.com.br\/#website\"},\"primaryImageOfPage\":{\"@id\":\"https:\/\/mbclaw.com.br\/publicacoes\/#primaryimage\"},\"image\":{\"@id\":\"https:\/\/mbclaw.com.br\/publicacoes\/#primaryimage\"},\"thumbnailUrl\":\"https:\/\/mbclaw.com.br\/wp-content\/uploads\/2024\/03\/imagens-23.jpg\",\"datePublished\":\"2024-03-17T12:53:02+00:00\",\"dateModified\":\"2024-05-14T12:54:44+00:00\",\"description\":\"Conhe\u00e7a nossas publica\u00e7\u00f5es.\",\"breadcrumb\":{\"@id\":\"https:\/\/mbclaw.com.br\/publicacoes\/#breadcrumb\"},\"inLanguage\":\"en-US\",\"potentialAction\":[{\"@type\":\"ReadAction\",\"target\":[\"https:\/\/mbclaw.com.br\/publicacoes\/\"]}]},{\"@type\":\"ImageObject\",\"inLanguage\":\"en-US\",\"@id\":\"https:\/\/mbclaw.com.br\/publicacoes\/#primaryimage\",\"url\":\"https:\/\/mbclaw.com.br\/wp-content\/uploads\/2024\/03\/imagens-23.jpg\",\"contentUrl\":\"https:\/\/mbclaw.com.br\/wp-content\/uploads\/2024\/03\/imagens-23.jpg\",\"width\":1920,\"height\":170},{\"@type\":\"BreadcrumbList\",\"@id\":\"https:\/\/mbclaw.com.br\/publicacoes\/#breadcrumb\",\"itemListElement\":[{\"@type\":\"ListItem\",\"position\":1,\"name\":\"In\u00edcio\",\"item\":\"https:\/\/mbclaw.com.br\/\"},{\"@type\":\"ListItem\",\"position\":2,\"name\":\"Publica\u00e7\u00f5es\"}]},{\"@type\":\"WebSite\",\"@id\":\"https:\/\/mbclaw.com.br\/#website\",\"url\":\"https:\/\/mbclaw.com.br\/\",\"name\":\"MBC Advogados | Marchini Botelho Caselta Della Valle\",\"description\":\"\",\"alternateName\":\"MBC Advogados\",\"potentialAction\":[{\"@type\":\"SearchAction\",\"target\":{\"@type\":\"EntryPoint\",\"urlTemplate\":\"https:\/\/mbclaw.com.br\/?s={search_term_string}\"},\"query-input\":\"required name=search_term_string\"}],\"inLanguage\":\"en-US\"}]}<\/script>\n<!-- \/ Yoast SEO plugin. -->","yoast_head_json":{"title":"Publications - MBC Advogados | Marchini Botelho Caselta Della ValleMBC Advogados | Marchini Botelho Caselta Della ValleMarchini Botelho Caselta Della Valle Advogados","description":"Conhe\u00e7a nossas publica\u00e7\u00f5es.","robots":{"index":"index","follow":"follow","max-snippet":"max-snippet:-1","max-image-preview":"max-image-preview:large","max-video-preview":"max-video-preview:-1"},"canonical":"https:\/\/mbclaw.com.br\/publicacoes\/","og_locale":"en_US","og_type":"article","og_title":"Publications - MBC Advogados | Marchini Botelho Caselta Della ValleMBC Advogados | Marchini Botelho Caselta Della ValleMarchini Botelho Caselta Della Valle Advogados","og_description":"Conhe\u00e7a nossas publica\u00e7\u00f5es.","og_url":"https:\/\/mbclaw.com.br\/publicacoes\/","og_site_name":"[:pb]MBC Advogados | Marchini Botelho Caselta Della Valle[:en]MBC Advogados | Marchini Botelho Caselta Della ValleMBC Advogados | Marchini Botelho Caselta Della ValleMarchini Botelho Caselta Della Valle Advogados[:]","article_modified_time":"2024-05-14T12:54:44+00:00","og_image":[{"width":1920,"height":170,"url":"https:\/\/mbclaw.com.br\/wp-content\/uploads\/2024\/03\/imagens-23.jpg","type":"image\/jpeg"}],"twitter_card":"summary_large_image","twitter_misc":{"Est. reading time":"1 minute"},"schema":{"@context":"https:\/\/schema.org","@graph":[{"@type":"WebPage","@id":"https:\/\/mbclaw.com.br\/publicacoes\/","url":"https:\/\/mbclaw.com.br\/publicacoes\/","name":"[:pb]Publica\u00e7\u00f5es[:en]Publications[:] - [:pb]MBC Advogados | Marchini Botelho Caselta Della Valle[:en]MBC Advogados | Marchini Botelho Caselta Della ValleMBC Advogados | Marchini Botelho Caselta Della ValleMarchini Botelho Caselta Della Valle Advogados[:]","isPartOf":{"@id":"https:\/\/mbclaw.com.br\/#website"},"primaryImageOfPage":{"@id":"https:\/\/mbclaw.com.br\/publicacoes\/#primaryimage"},"image":{"@id":"https:\/\/mbclaw.com.br\/publicacoes\/#primaryimage"},"thumbnailUrl":"https:\/\/mbclaw.com.br\/wp-content\/uploads\/2024\/03\/imagens-23.jpg","datePublished":"2024-03-17T12:53:02+00:00","dateModified":"2024-05-14T12:54:44+00:00","description":"Conhe\u00e7a nossas publica\u00e7\u00f5es.","breadcrumb":{"@id":"https:\/\/mbclaw.com.br\/publicacoes\/#breadcrumb"},"inLanguage":"en-US","potentialAction":[{"@type":"ReadAction","target":["https:\/\/mbclaw.com.br\/publicacoes\/"]}]},{"@type":"ImageObject","inLanguage":"en-US","@id":"https:\/\/mbclaw.com.br\/publicacoes\/#primaryimage","url":"https:\/\/mbclaw.com.br\/wp-content\/uploads\/2024\/03\/imagens-23.jpg","contentUrl":"https:\/\/mbclaw.com.br\/wp-content\/uploads\/2024\/03\/imagens-23.jpg","width":1920,"height":170},{"@type":"BreadcrumbList","@id":"https:\/\/mbclaw.com.br\/publicacoes\/#breadcrumb","itemListElement":[{"@type":"ListItem","position":1,"name":"In\u00edcio","item":"https:\/\/mbclaw.com.br\/"},{"@type":"ListItem","position":2,"name":"Publica\u00e7\u00f5es"}]},{"@type":"WebSite","@id":"https:\/\/mbclaw.com.br\/#website","url":"https:\/\/mbclaw.com.br\/","name":"MBC Advogados | Marchini Botelho Caselta Della Valle","description":"","alternateName":"MBC Advogados","potentialAction":[{"@type":"SearchAction","target":{"@type":"EntryPoint","urlTemplate":"https:\/\/mbclaw.com.br\/?s={search_term_string}"},"query-input":"required name=search_term_string"}],"inLanguage":"en-US"}]}},"_links":{"self":[{"href":"https:\/\/mbclaw.com.br\/en\/wp-json\/wp\/v2\/pages\/29","targetHints":{"allow":["GET"]}}],"collection":[{"href":"https:\/\/mbclaw.com.br\/en\/wp-json\/wp\/v2\/pages"}],"about":[{"href":"https:\/\/mbclaw.com.br\/en\/wp-json\/wp\/v2\/types\/page"}],"author":[{"embeddable":true,"href":"https:\/\/mbclaw.com.br\/en\/wp-json\/wp\/v2\/users\/1"}],"replies":[{"embeddable":true,"href":"https:\/\/mbclaw.com.br\/en\/wp-json\/wp\/v2\/comments?post=29"}],"version-history":[{"count":3,"href":"https:\/\/mbclaw.com.br\/en\/wp-json\/wp\/v2\/pages\/29\/revisions"}],"predecessor-version":[{"id":323,"href":"https:\/\/mbclaw.com.br\/en\/wp-json\/wp\/v2\/pages\/29\/revisions\/323"}],"wp:featuredmedia":[{"embeddable":true,"href":"https:\/\/mbclaw.com.br\/en\/wp-json\/wp\/v2\/media\/137"}],"wp:attachment":[{"href":"https:\/\/mbclaw.com.br\/en\/wp-json\/wp\/v2\/media?parent=29"}],"curies":[{"name":"wp","href":"https:\/\/api.w.org\/{rel}","templated":true}]}}